{"id":5166,"date":"2024-12-06T07:42:04","date_gmt":"2024-12-06T06:42:04","guid":{"rendered":"https:\/\/brochetdomotique.com\/brochet\/"},"modified":"2025-12-22T16:00:33","modified_gmt":"2025-12-22T15:00:33","slug":"who-are-we","status":"publish","type":"page","link":"https:\/\/brochetdomotique.com\/en\/who-are-we\/","title":{"rendered":"Who we are"},"content":{"rendered":"<div class=\"fusion-fullwidth fullwidth-box fusion-builder-row-1 fusion-flex-container has-pattern-background has-mask-background fusion-parallax-none hundred-percent-fullwidth non-hundred-percent-height-scrolling\" style=\"--link_hover_color: #ff0000;--link_color: #ff0000;--awb-border-sizes-top:0px;--awb-border-sizes-bottom:0px;--awb-border-sizes-left:0px;--awb-border-sizes-right:0px;--awb-border-color:#d1d1d1;--awb-border-radius-top-left:0px;--awb-border-radius-top-right:0px;--awb-border-radius-bottom-right:0px;--awb-border-radius-bottom-left:0px;--awb-padding-top:60px;--awb-padding-bottom:60px;--awb-padding-top-medium:20px;--awb-padding-right-medium:20px;--awb-padding-bottom-medium:20px;--awb-padding-left-medium:20px;--awb-margin-top:-50px;--awb-margin-bottom:-90px;--awb-background-color:rgba(255,255,255,0);--awb-background-image:url(&quot;https:\/\/brochetdomotique.com\/wp-content\/uploads\/2024\/09\/B1-Brochet-Domotique-gestion-installation-eclairage-electricite-home-cinema-Montpellier-scaled.jpg&quot;);--awb-background-size:cover;--awb-flex-wrap:wrap;\" ><div class=\"fusion-builder-row fusion-row fusion-flex-align-items-stretch fusion-flex-justify-content-center fusion-flex-content-wrap\" style=\"width:calc( 100% + 0px ) !important;max-width:calc( 100% + 0px ) !important;margin-left: calc(-0px \/ 2 );margin-right: calc(-0px \/ 2 );\"><div class=\"fusion-layout-column fusion_builder_column fusion-builder-column-0 fusion_builder_column_1_2 1_2 fusion-flex-column fusion-flex-align-self-center fusion-animated\" style=\"--awb-padding-top:0px;--awb-padding-right:0px;--awb-padding-bottom:0px;--awb-padding-left:30px;--awb-bg-color:var(--awb-color1);--awb-bg-color-hover:var(--awb-color1);--awb-bg-size:cover;--awb-border-color:rgba(255,255,255,0.9);--awb-border-top:20px;--awb-border-right:20px;--awb-border-bottom:20px;--awb-border-left:20px;--awb-border-style:solid;--awb-width-large:50%;--awb-margin-top-large:0px;--awb-spacing-right-large:calc( 0.032 * calc( 100% - 0 ) );--awb-margin-bottom-large:0px;--awb-spacing-left-large:calc( 0.032 * calc( 100% - 0 ) );--awb-width-medium:50%;--awb-order-medium:0;--awb-spacing-right-medium:calc( 0.032 * calc( 100% - 0 ) );--awb-margin-bottom-medium:0px;--awb-spacing-left-medium:calc( 0.04 * calc( 100% - 0 ) );--awb-width-small:100%;--awb-order-small:0;--awb-spacing-right-small:0px;--awb-margin-bottom-small:0px;--awb-spacing-left-small:0px;\" data-animationType=\"fadeInUp\" data-animationDuration=\"1.3\" data-animationOffset=\"top-into-view\" data-scroll-devices=\"small-visibility,medium-visibility,large-visibility\"><div class=\"fusion-column-wrapper fusion-column-has-shadow fusion-flex-justify-content-center fusion-content-layout-column\"><div class=\"fusion-image-element \" style=\"--awb-aspect-ratio: 100 \/ 102;--awb-caption-title-font-family:var(--h2_typography-font-family);--awb-caption-title-font-weight:var(--h2_typography-font-weight);--awb-caption-title-font-style:var(--h2_typography-font-style);--awb-caption-title-size:var(--h2_typography-font-size);--awb-caption-title-transform:var(--h2_typography-text-transform);--awb-caption-title-line-height:var(--h2_typography-line-height);--awb-caption-title-letter-spacing:var(--h2_typography-letter-spacing);\"><span class=\" fusion-imageframe imageframe-none imageframe-1 hover-type-none has-aspect-ratio\"><img decoding=\"async\" width=\"1551\" height=\"2000\" alt=\"Brochet Eric, dirigeant Brochet Domotique, Verg\u00e8ze, Gard\" title=\"Brochet Eric &#8211; Dirigeant Brochet Electricite &#8211; Vergeze &#8211; Gard\" src=\"https:\/\/brochetdomotique.com\/wp-content\/uploads\/2025\/12\/Brochet-Eric-Dirigeant-Brochet-Electricite-Vergeze-Gard.jpg\" class=\"img-responsive wp-image-7454 img-with-aspect-ratio\" data-parent-fit=\"cover\" data-parent-container=\".fusion-image-element\" srcset=\"https:\/\/brochetdomotique.com\/wp-content\/uploads\/2025\/12\/Brochet-Eric-Dirigeant-Brochet-Electricite-Vergeze-Gard-200x258.jpg 200w, https:\/\/brochetdomotique.com\/wp-content\/uploads\/2025\/12\/Brochet-Eric-Dirigeant-Brochet-Electricite-Vergeze-Gard-400x516.jpg 400w, https:\/\/brochetdomotique.com\/wp-content\/uploads\/2025\/12\/Brochet-Eric-Dirigeant-Brochet-Electricite-Vergeze-Gard-600x774.jpg 600w, https:\/\/brochetdomotique.com\/wp-content\/uploads\/2025\/12\/Brochet-Eric-Dirigeant-Brochet-Electricite-Vergeze-Gard-800x1032.jpg 800w, https:\/\/brochetdomotique.com\/wp-content\/uploads\/2025\/12\/Brochet-Eric-Dirigeant-Brochet-Electricite-Vergeze-Gard-1200x1547.jpg 1200w, https:\/\/brochetdomotique.com\/wp-content\/uploads\/2025\/12\/Brochet-Eric-Dirigeant-Brochet-Electricite-Vergeze-Gard.jpg 1551w\" sizes=\"(max-width: 1024px) 100vw, (max-width: 640px) 100vw, 800px\" \/><\/span><\/div><\/div><\/div><div class=\"fusion-layout-column fusion_builder_column fusion-builder-column-1 fusion_builder_column_1_2 1_2 fusion-flex-column fusion-animated\" style=\"--awb-padding-top:12%;--awb-padding-right:12%;--awb-padding-bottom:12%;--awb-padding-left:12%;--awb-padding-top-medium:13%;--awb-padding-bottom-medium:13%;--awb-padding-top-small:36px;--awb-padding-right-small:36px;--awb-padding-bottom-small:36px;--awb-padding-left-small:36px;--awb-bg-color:var(--awb-color1);--awb-bg-color-hover:var(--awb-color1);--awb-bg-size:cover;--awb-width-large:50%;--awb-margin-top-large:0px;--awb-spacing-right-large:calc( 0.032 * calc( 100% - 0 ) );--awb-margin-bottom-large:0px;--awb-spacing-left-large:calc( 0.032 * calc( 100% - 0 ) );--awb-width-medium:50%;--awb-order-medium:1;--awb-spacing-right-medium:calc( 0.032 * calc( 100% - 0 ) );--awb-spacing-left-medium:calc( 0.032 * calc( 100% - 0 ) );--awb-width-small:100%;--awb-order-small:1;--awb-spacing-right-small:calc( 0.016 * calc( 100% - 0 ) );--awb-spacing-left-small:calc( 0.016 * calc( 100% - 0 ) );\" data-animationType=\"fadeInUp\" data-animationDuration=\"1.3\" data-animationOffset=\"top-into-view\" data-scroll-devices=\"small-visibility,medium-visibility,large-visibility\"><div class=\"fusion-column-wrapper fusion-column-has-shadow fusion-flex-justify-content-flex-start fusion-content-layout-column\"><div class=\"fusion-title title fusion-title-1 fusion-title-center fusion-title-text fusion-title-size-two\" style=\"--awb-text-color:var(--awb-color4);--awb-margin-top:0px;--awb-margin-bottom:0px;--awb-font-size:22px;\"><div class=\"title-sep-container title-sep-container-left\"><div class=\"title-sep sep- sep-solid\" style=\"border-color:#5e6276;\"><\/div><\/div><span class=\"awb-title-spacer\"><\/span><h2 class=\"fusion-title-heading title-heading-center fusion-responsive-typography-calculated\" style=\"margin:0;font-size:1em;--fontSize:22;--minFontSize:22;line-height:1.05;\">2004 &#8211; 2024<\/h2><span class=\"awb-title-spacer\"><\/span><div class=\"title-sep-container title-sep-container-right\"><div class=\"title-sep sep- sep-solid\" style=\"border-color:#5e6276;\"><\/div><\/div><\/div><div class=\"fusion-separator fusion-full-width-sep\" style=\"align-self: center;margin-left: auto;margin-right: auto;margin-top:20px;width:100%;\"><div class=\"fusion-separator-border sep-single\" style=\"--awb-height:20px;--awb-amount:20px;border-color:#5e6276;border-top-width:0px;\"><\/div><\/div><div class=\"fusion-title title fusion-title-2 fusion-title-center fusion-title-text fusion-title-size-three\" style=\"--awb-margin-top:0px;--awb-margin-bottom:0px;--awb-font-size:20px;\"><div class=\"title-sep-container title-sep-container-left\"><div class=\"title-sep sep- sep-solid\" style=\"border-color:#5e6276;\"><\/div><\/div><span class=\"awb-title-spacer\"><\/span><h3 class=\"fusion-title-heading title-heading-center fusion-responsive-typography-calculated\" style=\"margin:0;font-size:1em;--fontSize:20;--minFontSize:20;line-height:1.15;\">20 exciting years at your service<\/h3><span class=\"awb-title-spacer\"><\/span><div class=\"title-sep-container title-sep-container-right\"><div class=\"title-sep sep- sep-solid\" style=\"border-color:#5e6276;\"><\/div><\/div><\/div><div class=\"fusion-separator fusion-full-width-sep\" style=\"align-self: center;margin-left: auto;margin-right: auto;margin-top:20px;width:100%;\"><div class=\"fusion-separator-border sep-single\" style=\"--awb-height:20px;--awb-amount:20px;border-color:#5e6276;border-top-width:0px;\"><\/div><\/div><div class=\"fusion-text fusion-text-1 fusion-text-no-margin\" style=\"--awb-text-transform:var(--awb-typography4-text-transform);--awb-text-color:var(--awb-color8);--awb-margin-top:0px;--awb-margin-bottom:50px;\"><p>In 2004, Eric Brochet founded Brochet Domotique around 2 core businesses: home automation and the installation of private cinemas.<\/p>\n<p>Soon joined by an experienced team specializing in high-end projects, Brochet Domotique works on both new-build and renovation projects.<\/p>\n<p>Brochet Domotique aims to &#8220;make buildings intelligent&#8221;, offering functionality and comfort using the best of electrical and electronic technologies.<\/p>\n<\/div><\/div><\/div><\/div><\/div>\n","protected":false},"excerpt":{"rendered":"","protected":false},"author":1,"featured_media":0,"parent":0,"menu_order":2,"comment_status":"closed","ping_status":"closed","template":"100-width.php","meta":{"_acf_changed":false,"footnotes":""},"class_list":["post-5166","page","type-page","status-publish","hentry"],"acf":[],"yoast_head":"<!-- This site is optimized with the Yoast SEO plugin v27.4 - https:\/\/yoast.com\/product\/yoast-seo-wordpress\/ -->\n<title>Who we are - Brochet \u00c9lectricit\u00e9 &amp; Domotique<\/title>\n<meta name=\"description\" content=\"Brochet Domotique makes buildings intelligent, offering functionality and comfort using the very best technologies.\" \/>\n<meta name=\"robots\" content=\"index, follow, max-snippet:-1, max-image-preview:large, max-video-preview:-1\" \/>\n<link rel=\"canonical\" href=\"https:\/\/brochetdomotique.com\/en\/who-are-we\/\" \/>\n<meta property=\"og:locale\" content=\"en_US\" \/>\n<meta property=\"og:type\" content=\"article\" \/>\n<meta property=\"og:title\" content=\"Who we are - Brochet \u00c9lectricit\u00e9 &amp; Domotique\" \/>\n<meta property=\"og:description\" content=\"Brochet Domotique makes buildings intelligent, offering functionality and comfort using the very best technologies.\" \/>\n<meta property=\"og:url\" content=\"https:\/\/brochetdomotique.com\/en\/who-are-we\/\" \/>\n<meta property=\"og:site_name\" content=\"Brochet \u00c9lectricit\u00e9 &amp; Domotique\" \/>\n<meta property=\"article:publisher\" content=\"https:\/\/www.facebook.com\/brochetdomotique\" \/>\n<meta property=\"article:modified_time\" content=\"2025-12-22T15:00:33+00:00\" \/>\n<meta property=\"og:image\" content=\"https:\/\/brochetdomotique.com\/wp-content\/uploads\/2025\/10\/Brochet-Domotique-social.png\" \/>\n\t<meta property=\"og:image:width\" content=\"1200\" \/>\n\t<meta property=\"og:image:height\" content=\"630\" \/>\n\t<meta property=\"og:image:type\" content=\"image\/png\" \/>\n<meta name=\"twitter:card\" content=\"summary_large_image\" \/>\n<meta name=\"twitter:label1\" content=\"Est. reading time\" \/>\n\t<meta name=\"twitter:data1\" content=\"2 minutes\" \/>\n<script type=\"application\/ld+json\" class=\"yoast-schema-graph\">{\"@context\":\"https:\\\/\\\/schema.org\",\"@graph\":[{\"@type\":\"WebPage\",\"@id\":\"https:\\\/\\\/brochetdomotique.com\\\/en\\\/who-are-we\\\/\",\"url\":\"https:\\\/\\\/brochetdomotique.com\\\/en\\\/who-are-we\\\/\",\"name\":\"Who we are - Brochet \u00c9lectricit\u00e9 &amp; Domotique\",\"isPartOf\":{\"@id\":\"https:\\\/\\\/brochetdomotique.com\\\/en\\\/#website\"},\"datePublished\":\"2024-12-06T06:42:04+00:00\",\"dateModified\":\"2025-12-22T15:00:33+00:00\",\"description\":\"Brochet Domotique makes buildings intelligent, offering functionality and comfort using the very best technologies.\",\"breadcrumb\":{\"@id\":\"https:\\\/\\\/brochetdomotique.com\\\/en\\\/who-are-we\\\/#breadcrumb\"},\"inLanguage\":\"en-US\",\"potentialAction\":[{\"@type\":\"ReadAction\",\"target\":[\"https:\\\/\\\/brochetdomotique.com\\\/en\\\/who-are-we\\\/\"]}]},{\"@type\":\"BreadcrumbList\",\"@id\":\"https:\\\/\\\/brochetdomotique.com\\\/en\\\/who-are-we\\\/#breadcrumb\",\"itemListElement\":[{\"@type\":\"ListItem\",\"position\":1,\"name\":\"Accueil\",\"item\":\"https:\\\/\\\/brochetdomotique.com\\\/en\\\/accueil2\\\/\"},{\"@type\":\"ListItem\",\"position\":2,\"name\":\"Who we are\"}]},{\"@type\":\"WebSite\",\"@id\":\"https:\\\/\\\/brochetdomotique.com\\\/en\\\/#website\",\"url\":\"https:\\\/\\\/brochetdomotique.com\\\/en\\\/\",\"name\":\"Brochet Domotique\",\"description\":\"Votre espace connect\u00e9 gr\u00e2ce \u00e0 la domotique intelligente.\",\"publisher\":{\"@id\":\"https:\\\/\\\/brochetdomotique.com\\\/en\\\/#organization\"},\"alternateName\":\"solutions connect\u00e9es\",\"potentialAction\":[{\"@type\":\"SearchAction\",\"target\":{\"@type\":\"EntryPoint\",\"urlTemplate\":\"https:\\\/\\\/brochetdomotique.com\\\/en\\\/?s={search_term_string}\"},\"query-input\":{\"@type\":\"PropertyValueSpecification\",\"valueRequired\":true,\"valueName\":\"search_term_string\"}}],\"inLanguage\":\"en-US\"},{\"@type\":\"Organization\",\"@id\":\"https:\\\/\\\/brochetdomotique.com\\\/en\\\/#organization\",\"name\":\"Brochet Domotique\",\"url\":\"https:\\\/\\\/brochetdomotique.com\\\/en\\\/\",\"logo\":{\"@type\":\"ImageObject\",\"inLanguage\":\"en-US\",\"@id\":\"https:\\\/\\\/brochetdomotique.com\\\/en\\\/#\\\/schema\\\/logo\\\/image\\\/\",\"url\":\"https:\\\/\\\/brochetdomotique.com\\\/wp-content\\\/uploads\\\/2025\\\/10\\\/2-2.png\",\"contentUrl\":\"https:\\\/\\\/brochetdomotique.com\\\/wp-content\\\/uploads\\\/2025\\\/10\\\/2-2.png\",\"width\":1920,\"height\":1080,\"caption\":\"Brochet Domotique\"},\"image\":{\"@id\":\"https:\\\/\\\/brochetdomotique.com\\\/en\\\/#\\\/schema\\\/logo\\\/image\\\/\"},\"sameAs\":[\"https:\\\/\\\/www.facebook.com\\\/brochetdomotique\",\"https:\\\/\\\/www.instagram.com\\\/brochetdomotique\\\/\",\"https:\\\/\\\/fr.linkedin.com\\\/company\\\/brochet-domotique-solutions-connectes\"]}]}<\/script>\n<!-- \/ Yoast SEO plugin. -->","yoast_head_json":{"title":"Who we are - Brochet \u00c9lectricit\u00e9 &amp; Domotique","description":"Brochet Domotique makes buildings intelligent, offering functionality and comfort using the very best technologies.","robots":{"index":"index","follow":"follow","max-snippet":"max-snippet:-1","max-image-preview":"max-image-preview:large","max-video-preview":"max-video-preview:-1"},"canonical":"https:\/\/brochetdomotique.com\/en\/who-are-we\/","og_locale":"en_US","og_type":"article","og_title":"Who we are - Brochet \u00c9lectricit\u00e9 &amp; Domotique","og_description":"Brochet Domotique makes buildings intelligent, offering functionality and comfort using the very best technologies.","og_url":"https:\/\/brochetdomotique.com\/en\/who-are-we\/","og_site_name":"Brochet \u00c9lectricit\u00e9 &amp; Domotique","article_publisher":"https:\/\/www.facebook.com\/brochetdomotique","article_modified_time":"2025-12-22T15:00:33+00:00","og_image":[{"width":1200,"height":630,"url":"https:\/\/brochetdomotique.com\/wp-content\/uploads\/2025\/10\/Brochet-Domotique-social.png","type":"image\/png"}],"twitter_card":"summary_large_image","twitter_misc":{"Est. reading time":"2 minutes"},"schema":{"@context":"https:\/\/schema.org","@graph":[{"@type":"WebPage","@id":"https:\/\/brochetdomotique.com\/en\/who-are-we\/","url":"https:\/\/brochetdomotique.com\/en\/who-are-we\/","name":"Who we are - Brochet \u00c9lectricit\u00e9 &amp; Domotique","isPartOf":{"@id":"https:\/\/brochetdomotique.com\/en\/#website"},"datePublished":"2024-12-06T06:42:04+00:00","dateModified":"2025-12-22T15:00:33+00:00","description":"Brochet Domotique makes buildings intelligent, offering functionality and comfort using the very best technologies.","breadcrumb":{"@id":"https:\/\/brochetdomotique.com\/en\/who-are-we\/#breadcrumb"},"inLanguage":"en-US","potentialAction":[{"@type":"ReadAction","target":["https:\/\/brochetdomotique.com\/en\/who-are-we\/"]}]},{"@type":"BreadcrumbList","@id":"https:\/\/brochetdomotique.com\/en\/who-are-we\/#breadcrumb","itemListElement":[{"@type":"ListItem","position":1,"name":"Accueil","item":"https:\/\/brochetdomotique.com\/en\/accueil2\/"},{"@type":"ListItem","position":2,"name":"Who we are"}]},{"@type":"WebSite","@id":"https:\/\/brochetdomotique.com\/en\/#website","url":"https:\/\/brochetdomotique.com\/en\/","name":"Brochet Domotique","description":"Votre espace connect\u00e9 gr\u00e2ce \u00e0 la domotique intelligente.","publisher":{"@id":"https:\/\/brochetdomotique.com\/en\/#organization"},"alternateName":"solutions connect\u00e9es","potentialAction":[{"@type":"SearchAction","target":{"@type":"EntryPoint","urlTemplate":"https:\/\/brochetdomotique.com\/en\/?s={search_term_string}"},"query-input":{"@type":"PropertyValueSpecification","valueRequired":true,"valueName":"search_term_string"}}],"inLanguage":"en-US"},{"@type":"Organization","@id":"https:\/\/brochetdomotique.com\/en\/#organization","name":"Brochet Domotique","url":"https:\/\/brochetdomotique.com\/en\/","logo":{"@type":"ImageObject","inLanguage":"en-US","@id":"https:\/\/brochetdomotique.com\/en\/#\/schema\/logo\/image\/","url":"https:\/\/brochetdomotique.com\/wp-content\/uploads\/2025\/10\/2-2.png","contentUrl":"https:\/\/brochetdomotique.com\/wp-content\/uploads\/2025\/10\/2-2.png","width":1920,"height":1080,"caption":"Brochet Domotique"},"image":{"@id":"https:\/\/brochetdomotique.com\/en\/#\/schema\/logo\/image\/"},"sameAs":["https:\/\/www.facebook.com\/brochetdomotique","https:\/\/www.instagram.com\/brochetdomotique\/","https:\/\/fr.linkedin.com\/company\/brochet-domotique-solutions-connectes"]}]}},"_links":{"self":[{"href":"https:\/\/brochetdomotique.com\/en\/wp-json\/wp\/v2\/pages\/5166","targetHints":{"allow":["GET"]}}],"collection":[{"href":"https:\/\/brochetdomotique.com\/en\/wp-json\/wp\/v2\/pages"}],"about":[{"href":"https:\/\/brochetdomotique.com\/en\/wp-json\/wp\/v2\/types\/page"}],"author":[{"embeddable":true,"href":"https:\/\/brochetdomotique.com\/en\/wp-json\/wp\/v2\/users\/1"}],"replies":[{"embeddable":true,"href":"https:\/\/brochetdomotique.com\/en\/wp-json\/wp\/v2\/comments?post=5166"}],"version-history":[{"count":25,"href":"https:\/\/brochetdomotique.com\/en\/wp-json\/wp\/v2\/pages\/5166\/revisions"}],"predecessor-version":[{"id":7459,"href":"https:\/\/brochetdomotique.com\/en\/wp-json\/wp\/v2\/pages\/5166\/revisions\/7459"}],"wp:attachment":[{"href":"https:\/\/brochetdomotique.com\/en\/wp-json\/wp\/v2\/media?parent=5166"}],"curies":[{"name":"wp","href":"https:\/\/api.w.org\/{rel}","templated":true}]}}